{"id":62614,"date":"2025-03-26T22:04:44","date_gmt":"2025-03-26T22:04:44","guid":{"rendered":"https:\/\/www.rambhamassages.com\/besetzung\/"},"modified":"2025-03-26T22:20:05","modified_gmt":"2025-03-26T22:20:05","slug":"casting","status":"publish","type":"page","link":"https:\/\/www.rambhamassages.com\/de\/casting\/","title":{"rendered":"Casting"},"content":{"rendered":"<section class=\"l-section wpb_row height_medium full_height valign_center color_secondary with_video with_shape\"><div id=\"us_bg_video_ve68\" class=\"l-section-video\"><script id=\"us_bg_video_ve68-script\">!function(w){var node = document.getElementById( 'us_bg_video_ve68' );if ( w.innerWidth <= 1 ) { node.remove() }}(window);<\/script><style>@media(max-width:1px){#us_bg_video_ve68{display:none!important}}<\/style><video  autoplay loop muted playsinline preload=\"auto\" tabindex=\"-1\"><source type=\"video\/mp4\" src=\"https:\/\/rambhamassages.es\/wp-content\/uploads\/2025\/01\/0_Woman_Dress_3840x2160.mp4\" \/><\/video><\/div><div class=\"l-section-overlay\" style=\"background:rgba(0,0,0,0.67)\"><\/div><div class=\"l-section-shape type_tilt pos_bottom\" style=\"height:15vmin;\"><svg xmlns=\"http:\/\/www.w3.org\/2000\/svg\" viewBox=\"0 0 64 8\" preserveAspectRatio=\"none\" width=\"100%\" height=\"100%\">\r\n\t<path fill=\"currentColor\" d=\"M64 7.9 L64 10 L0 10 L0 0 Z\"\/>\r\n<\/svg><\/div><div class=\"l-section-h i-cf\"><div class=\"g-cols vc_row via_grid cols_1 laptops-cols_inherit tablets-cols_inherit mobiles-cols_1 valign_top type_default stacking_default\"><div class=\"wpb_column vc_column_container\"><div class=\"vc_column-inner\"><div class=\"w-separator size_custom\" style=\"height:10vh\"><\/div><h1 class=\"w-text us_custom_8ac662a2 has_text_color\"><span class=\"w-text-h\"><span class=\"w-text-value\">ESCORT CASTING<\/span><\/span><\/h1><div class=\"wpb_text_column us_custom_33b9ee00\"><div class=\"wpb_wrapper\"><h2 style=\"text-align: center;\"><span style=\"color: #c6a04f;\"><strong>M\u00f6chten Sie Teil eines exklusiven und ausgew\u00e4hlten Teams sein?<\/strong><\/span><\/h2>\n<p style=\"text-align: center;\">In unserer Agentur suchen wir Frauen mit Eleganz, Haltung und dem Wunsch, ein einzigartiges Erlebnis in einem vornehmen Umfeld zu erleben. Wenn Sie sich f\u00fcr eine attraktive Person mit einem Gesp\u00fcr f\u00fcr Menschen halten und einen Sinn f\u00fcr Diskretion und exquisite Behandlung haben, ist dies Ihre Chance. <\/p>\n<\/div><\/div><div class=\"w-separator size_small\"><\/div><div class=\"w-separator size_custom\" style=\"height:10vh\"><\/div><div class=\"w-iconbox us_custom_99682d72 iconpos_top style_default color_custom align_center no_text no_title\"><a href=\"#1\" class=\"w-iconbox-link\" aria-label=\"fas|chevron-down\"><div class=\"w-iconbox-icon\" style=\"font-size:4rem;\"><i class=\"fas fa-chevron-down\"><\/i><\/div><\/a><div class=\"w-iconbox-meta\"><\/div><\/div><\/div><\/div><\/div><\/div><\/section><section class=\"l-section wpb_row height_medium\" id=\"1\"><div class=\"l-section-h i-cf\"><div class=\"g-cols vc_row via_grid cols_1 laptops-cols_inherit tablets-cols_inherit mobiles-cols_1 valign_top type_default stacking_default\" style=\"--columns-gap:0rem;\"><div class=\"wpb_column vc_column_container\"><div class=\"vc_column-inner\"><div class=\"wpb_text_column us_custom_6df4bc3a has_text_color\"><div class=\"wpb_wrapper\"><h3><span style=\"color: #c6a04f;\"><strong>Was suchen wir?<\/strong><\/span><\/h3>\n<p>\u2714\ufe0f Vollj\u00e4hrige Frauen<br \/>\n\u2714\ufe0f Gutes Aussehen und pers\u00f6nliche Pflege<br \/>\n\u2714\ufe0f Verf\u00fchrerische Haltung und angenehme Behandlung<br \/>\n\u2714\ufe0f Sprachkenntnisse (erw\u00fcnscht, aber nicht zwingend erforderlich)<br \/>\n\u2714\ufe0f Lust zu lernen und sich zu verbessern<br \/>\n\u2714\ufe0f Einwandfreie Hygiene und elegante Pr\u00e4sentation<\/p>\n<h3><span style=\"color: #c6a04f;\"><strong>Was bieten wir?<\/strong><\/span><\/h3>\n<p>\u2728 Ausgezeichnete Arbeitsbedingungen<br \/>\n\u2728 Individuelle Schulung und Beratung<br \/>\n\u2728 Hohes Einkommen und vollst\u00e4ndige Autonomie<br \/>\n\u2728 Maximale Diskretion und Vertraulichkeit<br \/>\n\u2728 Exklusive und hochrangige Kunden<\/p>\n<p>Wenn Sie Interesse haben, Teil eines sicheren, professionellen und exklusiven Umfelds zu sein, kontaktieren Sie uns unverbindlich. Wir garantieren Ihnen ein Umfeld des Respekts, der Privatsph\u00e4re und einzigartiger M\u00f6glichkeiten zur Entfaltung Ihres Potenzials. <\/p>\n<p><strong>\ud83d\udce9 Schreiben Sie uns und entdecken Sie alles, was wir Ihnen bieten k\u00f6nnen.<\/strong><\/p>\n<\/div><\/div><div class=\"w-separator size_large\"><\/div><div class=\"g-cols wpb_row via_grid cols_1-4-1 laptops-cols_inherit tablets-cols_inherit mobiles-cols_1 valign_top type_default stacking_default\" style=\"--columns-gap:3rem;\"><div class=\"wpb_column vc_column_container\"><div class=\"vc_column-inner\"><\/div><\/div><div class=\"wpb_column vc_column_container\"><div class=\"vc_column-inner\"><form class=\"w-form  us-field-style_1 layout_ver show_message_after_sending for_cform us_form_1\" action=\"https:\/\/www.rambhamassages.com\/de\/wp-json\/wp\/v2\/pages\/62614\" method=\"post\" enctype=\"multipart\/form-data\"><div class=\"w-form-h\"><div class=\"w-form-row for_text required cols_2\">\r\n\t\t<div class=\"w-form-row-field\">\r\n\t\t\t\t\t\t<input aria-label=\"Name\" type=\"text\" name=\"us_form_1_text_1\" value placeholder=\"Name *\" data-required=\"true\" aria-required=\"true\"\/>\r\n\t\t\t<\/div>\r\n\t\t<div class=\"w-form-row-state\">Bitte f\u00fcllen Sie dieses Feld aus.<\/div>\r\n<\/div>\r\n<div class=\"w-form-row for_text required cols_2\">\r\n\t\t<div class=\"w-form-row-field\">\r\n\t\t\t\t\t\t<input aria-label=\"Alter\" type=\"text\" name=\"us_form_1_text_2\" value placeholder=\"Alter *\" data-required=\"true\" aria-required=\"true\"\/>\r\n\t\t\t<\/div>\r\n\t\t<div class=\"w-form-row-state\">Bitte f\u00fcllen Sie dieses Feld aus.<\/div>\r\n<\/div>\r\n<div class=\"w-form-row for_text required\">\r\n\t\t<div class=\"w-form-row-field\">\r\n\t\t\t\t\t\t<input aria-label=\"Nationalit\u00e4t\" type=\"text\" name=\"us_form_1_text_3\" value placeholder=\"Nationalit\u00e4t *\" data-required=\"true\" aria-required=\"true\"\/>\r\n\t\t\t<\/div>\r\n\t\t<div class=\"w-form-row-state\">Bitte f\u00fcllen Sie dieses Feld aus.<\/div>\r\n<\/div>\r\n<div class=\"w-form-row for_text required cols_2\">\r\n\t\t<div class=\"w-form-row-field\">\r\n\t\t\t\t\t\t<input aria-label=\"Telefon\" inputmode=\"tel\" type=\"text\" name=\"us_form_1_text_4\" value placeholder=\"Telefon *\" data-required=\"true\" aria-required=\"true\"\/>\r\n\t\t\t<\/div>\r\n\t\t<div class=\"w-form-row-state\">Bitte f\u00fcllen Sie dieses Feld aus.<\/div>\r\n<\/div>\r\n<div class=\"w-form-row for_email required cols_2\">\r\n\t\t<div class=\"w-form-row-field\">\r\n\t\t\t\t\t\t<input aria-label=\"E-Mail\" type=\"email\" name=\"us_form_1_email_1\" value placeholder=\"E-Mail *\" data-required=\"true\" aria-required=\"true\"\/>\r\n\t\t\t<\/div>\r\n\t\t<div class=\"w-form-row-state\">Bitte gib eine g\u00fcltige E-Mail-Adresse ein.<\/div>\r\n<\/div>\r\n<div class=\"w-form-row for_info\">\r\n\t<p>Gesichtsfoto<\/p>\r\n<\/div>\r\n<div class=\"w-form-row for_file required\">\r\n\t\t<div class=\"w-form-row-field\">\r\n\t\t\t\t\t\t<input aria-label=\"us_form_1_file_1\" type=\"file\" name=\"us_form_1_file_1\" accept=\".pdf,.jpg,.jpeg,.png\" data-std=\"10MB\" data-max_size=\"10\" data-required=\"true\" aria-required=\"true\"\/>\r\n\t\t\t<\/div>\r\n\t\t<div class=\"w-form-row-state\">Bitte f\u00fcllen Sie dieses Feld aus.<\/div>\r\n<\/div>\r\n<div class=\"w-form-row for_info\">\r\n\t<p>K\u00f6rperfotos<\/p>\r\n<\/div>\r\n<div class=\"w-form-row for_file required cols_2\">\r\n\t\t<div class=\"w-form-row-field\">\r\n\t\t\t\t\t\t<input aria-label=\"us_form_1_file_2\" type=\"file\" name=\"us_form_1_file_2\" accept=\".pdf,.jpg,.jpeg,.png\" data-std=\"10MB\" data-max_size=\"10\" data-required=\"true\" aria-required=\"true\"\/>\r\n\t\t\t<\/div>\r\n\t\t<div class=\"w-form-row-state\">Bitte f\u00fcllen Sie dieses Feld aus.<\/div>\r\n<\/div>\r\n<div class=\"w-form-row for_file required cols_2\">\r\n\t\t<div class=\"w-form-row-field\">\r\n\t\t\t\t\t\t<input aria-label=\"us_form_1_file_3\" type=\"file\" name=\"us_form_1_file_3\" accept=\".pdf,.jpg,.jpeg,.png\" data-std=\"10MB\" data-max_size=\"10\" data-required=\"true\" aria-required=\"true\"\/>\r\n\t\t\t<\/div>\r\n\t\t<div class=\"w-form-row-state\">Bitte f\u00fcllen Sie dieses Feld aus.<\/div>\r\n<\/div>\r\n<div class=\"w-form-row for_file required cols_2\">\r\n\t\t<div class=\"w-form-row-field\">\r\n\t\t\t\t\t\t<input aria-label=\"us_form_1_file_4\" type=\"file\" name=\"us_form_1_file_4\" accept=\".pdf,.jpg,.jpeg,.png\" data-std=\"10MB\" data-max_size=\"10\" data-required=\"true\" aria-required=\"true\"\/>\r\n\t\t\t<\/div>\r\n\t\t<div class=\"w-form-row-state\">Bitte f\u00fcllen Sie dieses Feld aus.<\/div>\r\n<\/div>\r\n<div class=\"w-form-row for_file required cols_2\">\r\n\t\t<div class=\"w-form-row-field\">\r\n\t\t\t\t\t\t<input aria-label=\"us_form_1_file_5\" type=\"file\" name=\"us_form_1_file_5\" accept=\".pdf,.jpg,.jpeg,.png\" data-std=\"10MB\" data-max_size=\"10\" data-required=\"true\" aria-required=\"true\"\/>\r\n\t\t\t<\/div>\r\n\t\t<div class=\"w-form-row-state\">Bitte f\u00fcllen Sie dieses Feld aus.<\/div>\r\n<\/div>\r\n<div class=\"w-form-row for_textarea required\">\r\n\t\t<div class=\"w-form-row-field\">\r\n\t\t\t\t\t\t<textarea aria-label=\"Erz\u00e4hl uns etwas \u00fcber dich\" name=\"us_form_1_textarea_1\" placeholder=\"Erz\u00e4hl uns etwas \u00fcber dich *\" data-required=\"true\" aria-required=\"true\"><\/textarea>\r\n\t\t\t<\/div>\r\n\t\t<div class=\"w-form-row-state\">Bitte f\u00fcllen Sie dieses Feld aus.<\/div>\r\n<\/div>\r\n<div class=\"w-form-row for_captcha required\">\r\n\t<div class=\"w-form-row-label\">\r\n\t\t<span> <span>16 + 4 = ?<\/span><\/span>\r\n\t<\/div>\r\n\t<div class=\"w-form-row-field\">\r\n\t\t\t\t<input type=\"hidden\" name=\"us_form_1_captcha_1_hash\" value=\"d614103b90c651187bd13f9ae72fcfef\" \/>\r\n\t\t\t\t<input aria-label=\"us_form_1_captcha_1\" type=\"text\" name=\"us_form_1_captcha_1\" placeholder data-required=\"true\" aria-required=\"true\"\/>\r\n\t\t\t<\/div>\r\n\t\t<div class=\"w-form-row-state\">Bitte geben Sie das Ergebnis ein, um fortzufahren<\/div>\r\n<\/div>\r\n<div class=\"w-form-row for_agreement required\">\r\n\t\t<div class=\"w-form-row-field\">\r\n\t\t\t\t<label>\r\n\t\t\t<input type=\"checkbox\" value=\"1\" data-required=\"true\" aria-required=\"true\" name=\"us_form_1_agreement_1\"\/>\r\n\t\t\t<span>Ich stimme den Datenschutzbestimmungen zu<\/strong><\/a> und den <strong>rechtlichen Hinweis<\/strong><\/a> von dieser Website.<\/span>\r\n\t\t<\/label>\r\n\t\t\t<\/div>\r\n\t\t<div class=\"w-form-row-state\">Sie m\u00fcssen den Bedingungen zustimmen, um fortzufahren.<\/div>\r\n<\/div>\r\n<input type=\"hidden\" name=\"action\" value=\"us_ajax_cform\" \/>\r\n<input type=\"hidden\" name=\"post_id\" value=\"0\" \/>\r\n<input type=\"hidden\" name=\"form_index\" value=\"1\" \/>\r\n<div class=\"w-form-row for_submit align_none\"><button class=\"w-btn us-btn-style_1\" type=\"submit\" aria-label=\"Absenden\"><span class=\"g-preloader type_1\"><\/span><span class=\"w-btn-label\">Absenden<\/span><\/button><\/div><\/div><div class=\"w-form-message\"><\/div><div class=\"w-form-json hidden\" onclick='return {&quot;ajaxurl&quot;:&quot;https:\\\/\\\/www.rambhamassages.com\\\/wp-admin\\\/admin-ajax.php&quot;,&quot;messages&quot;:{&quot;err_empty&quot;:&quot;Bitte f\\u00fcllen Sie dieses Feld aus.&quot;,&quot;err_size&quot;:&quot;Die Dateigr\\u00f6\\u00dfe darf %s MB nicht \\u00fcberschreiten&quot;,&quot;err_extension&quot;:&quot;Dateityp %s ist nicht zul\\u00e4ssig&quot;,&quot;err_recaptcha_keys&quot;:&quot;reCAPTCHA-Schl\\u00fcssel sind fehlerhaft&quot;}}'><\/div><\/form><\/div><\/div><div class=\"wpb_column vc_column_container\"><div class=\"vc_column-inner\"><\/div><\/div><\/div><\/div><\/div><\/div><\/div><\/section>\n","protected":false},"excerpt":{"rendered":"ESCORT CASTINGM\u00f6chten Sie Teil eines exklusiven und ausgew\u00e4hlten Teams sein? In unserer Agentur suchen wir Frauen mit Eleganz, Haltung und dem Wunsch, ein einzigartiges Erlebnis in einem vornehmen Umfeld zu erleben. Wenn Sie sich f\u00fcr eine attraktive Person mit einem Gesp\u00fcr f\u00fcr Menschen halten und einen Sinn f\u00fcr Diskretion und exquisite Behandlung haben, ist dies&hellip; <a class=\"continue\" href=\"https:\/\/www.rambhamassages.com\/de\/casting\/\">Continue Reading<span> Casting<\/span><\/a>","protected":false},"author":3,"featured_media":17527,"parent":0,"menu_order":0,"comment_status":"closed","ping_status":"closed","template":"","meta":{"footnotes":""},"class_list":["post-62614","page","type-page","status-publish","has-post-thumbnail","hentry"],"yoast_head":"<!-- This site is optimized with the Yoast SEO plugin v27.4 - https:\/\/yoast.com\/product\/yoast-seo-wordpress\/ -->\n<title>Escort-Casting. Werden Sie Teil unseres Teams: Exklusiv in Barcelona<\/title>\n<meta name=\"description\" content=\"Wir suchen elegante und charismatische Frauen zur Verst\u00e4rkung unseres ausgew\u00e4hlten Teams. Hohes Einkommen, Diskretion und exklusive Kunden.\" \/>\n<meta name=\"robots\" content=\"index, follow, max-snippet:-1, max-image-preview:large, max-video-preview:-1\" \/>\n<link rel=\"canonical\" href=\"https:\/\/www.rambhamassages.com\/de\/casting\/\" \/>\n<meta property=\"og:locale\" content=\"de_DE\" \/>\n<meta property=\"og:type\" content=\"article\" \/>\n<meta property=\"og:title\" content=\"Escort-Casting. Werden Sie Teil unseres Teams: Exklusiv in Barcelona\" \/>\n<meta property=\"og:description\" content=\"Wir suchen elegante und charismatische Frauen zur Verst\u00e4rkung unseres ausgew\u00e4hlten Teams. Hohes Einkommen, Diskretion und exklusive Kunden.\" \/>\n<meta property=\"og:url\" content=\"https:\/\/www.rambhamassages.com\/de\/casting\/\" \/>\n<meta property=\"og:site_name\" content=\"Rambha Massages | Escorts Barcelona\" \/>\n<meta property=\"article:modified_time\" content=\"2025-03-26T22:20:05+00:00\" \/>\n<meta property=\"og:image\" content=\"https:\/\/www.rambhamassages.com\/wp-content\/uploads\/2023\/08\/agencia-de-escorts-barcelona.jpg\" \/>\n\t<meta property=\"og:image:width\" content=\"1200\" \/>\n\t<meta property=\"og:image:height\" content=\"800\" \/>\n\t<meta property=\"og:image:type\" content=\"image\/jpeg\" \/>\n<meta name=\"twitter:card\" content=\"summary_large_image\" \/>\n<meta name=\"twitter:label1\" content=\"Gesch\u00e4tzte Lesezeit\" \/>\n\t<meta name=\"twitter:data1\" content=\"6\u00a0Minuten\" \/>\n<script type=\"application\/ld+json\" class=\"yoast-schema-graph\">{\"@context\":\"https:\\\/\\\/schema.org\",\"@graph\":[{\"@type\":\"WebPage\",\"@id\":\"https:\\\/\\\/www.rambhamassages.com\\\/de\\\/casting\\\/\",\"url\":\"https:\\\/\\\/www.rambhamassages.com\\\/de\\\/casting\\\/\",\"name\":\"Escort-Casting. Werden Sie Teil unseres Teams: Exklusiv in Barcelona\",\"isPartOf\":{\"@id\":\"https:\\\/\\\/www.rambhamassages.com\\\/de\\\/#website\"},\"primaryImageOfPage\":{\"@id\":\"https:\\\/\\\/www.rambhamassages.com\\\/de\\\/casting\\\/#primaryimage\"},\"image\":{\"@id\":\"https:\\\/\\\/www.rambhamassages.com\\\/de\\\/casting\\\/#primaryimage\"},\"thumbnailUrl\":\"https:\\\/\\\/www.rambhamassages.com\\\/wp-content\\\/uploads\\\/2023\\\/08\\\/agencia-de-escorts-barcelona.jpg\",\"datePublished\":\"2025-03-26T22:04:44+00:00\",\"dateModified\":\"2025-03-26T22:20:05+00:00\",\"description\":\"Wir suchen elegante und charismatische Frauen zur Verst\u00e4rkung unseres ausgew\u00e4hlten Teams. Hohes Einkommen, Diskretion und exklusive Kunden.\",\"breadcrumb\":{\"@id\":\"https:\\\/\\\/www.rambhamassages.com\\\/de\\\/casting\\\/#breadcrumb\"},\"inLanguage\":\"de\",\"potentialAction\":[{\"@type\":\"ReadAction\",\"target\":[\"https:\\\/\\\/www.rambhamassages.com\\\/de\\\/casting\\\/\"]}]},{\"@type\":\"ImageObject\",\"inLanguage\":\"de\",\"@id\":\"https:\\\/\\\/www.rambhamassages.com\\\/de\\\/casting\\\/#primaryimage\",\"url\":\"https:\\\/\\\/www.rambhamassages.com\\\/wp-content\\\/uploads\\\/2023\\\/08\\\/agencia-de-escorts-barcelona.jpg\",\"contentUrl\":\"https:\\\/\\\/www.rambhamassages.com\\\/wp-content\\\/uploads\\\/2023\\\/08\\\/agencia-de-escorts-barcelona.jpg\",\"width\":1200,\"height\":800,\"caption\":\"Burdel de Barcelona\"},{\"@type\":\"BreadcrumbList\",\"@id\":\"https:\\\/\\\/www.rambhamassages.com\\\/de\\\/casting\\\/#breadcrumb\",\"itemListElement\":[{\"@type\":\"ListItem\",\"position\":1,\"name\":\"Inicio\",\"item\":\"https:\\\/\\\/www.rambhamassages.com\\\/de\\\/\"},{\"@type\":\"ListItem\",\"position\":2,\"name\":\"Casting\"}]},{\"@type\":\"WebSite\",\"@id\":\"https:\\\/\\\/www.rambhamassages.com\\\/de\\\/#website\",\"url\":\"https:\\\/\\\/www.rambhamassages.com\\\/de\\\/\",\"name\":\"Rambha Massages\",\"description\":\"Escorts Barcelona\",\"publisher\":{\"@id\":\"https:\\\/\\\/www.rambhamassages.com\\\/de\\\/#organization\"},\"alternateName\":\"Rambha Massages\",\"potentialAction\":[{\"@type\":\"SearchAction\",\"target\":{\"@type\":\"EntryPoint\",\"urlTemplate\":\"https:\\\/\\\/www.rambhamassages.com\\\/de\\\/?s={search_term_string}\"},\"query-input\":{\"@type\":\"PropertyValueSpecification\",\"valueRequired\":true,\"valueName\":\"search_term_string\"}}],\"inLanguage\":\"de\"},{\"@type\":\"Organization\",\"@id\":\"https:\\\/\\\/www.rambhamassages.com\\\/de\\\/#organization\",\"name\":\"Rambha Massages\",\"alternateName\":\"Rambha Massages\",\"url\":\"https:\\\/\\\/www.rambhamassages.com\\\/de\\\/\",\"logo\":{\"@type\":\"ImageObject\",\"inLanguage\":\"de\",\"@id\":\"https:\\\/\\\/www.rambhamassages.com\\\/de\\\/#\\\/schema\\\/logo\\\/image\\\/\",\"url\":\"https:\\\/\\\/www.rambhamassages.com\\\/wp-content\\\/uploads\\\/2021\\\/05\\\/Logotipo-17.png\",\"contentUrl\":\"https:\\\/\\\/www.rambhamassages.com\\\/wp-content\\\/uploads\\\/2021\\\/05\\\/Logotipo-17.png\",\"width\":600,\"height\":510,\"caption\":\"Rambha Massages\"},\"image\":{\"@id\":\"https:\\\/\\\/www.rambhamassages.com\\\/de\\\/#\\\/schema\\\/logo\\\/image\\\/\"}}]}<\/script>\n<!-- \/ Yoast SEO plugin. -->","yoast_head_json":{"title":"Escort-Casting. Werden Sie Teil unseres Teams: Exklusiv in Barcelona","description":"Wir suchen elegante und charismatische Frauen zur Verst\u00e4rkung unseres ausgew\u00e4hlten Teams. Hohes Einkommen, Diskretion und exklusive Kunden.","robots":{"index":"index","follow":"follow","max-snippet":"max-snippet:-1","max-image-preview":"max-image-preview:large","max-video-preview":"max-video-preview:-1"},"canonical":"https:\/\/www.rambhamassages.com\/de\/casting\/","og_locale":"de_DE","og_type":"article","og_title":"Escort-Casting. Werden Sie Teil unseres Teams: Exklusiv in Barcelona","og_description":"Wir suchen elegante und charismatische Frauen zur Verst\u00e4rkung unseres ausgew\u00e4hlten Teams. Hohes Einkommen, Diskretion und exklusive Kunden.","og_url":"https:\/\/www.rambhamassages.com\/de\/casting\/","og_site_name":"Rambha Massages | Escorts Barcelona","article_modified_time":"2025-03-26T22:20:05+00:00","og_image":[{"width":1200,"height":800,"url":"https:\/\/www.rambhamassages.com\/wp-content\/uploads\/2023\/08\/agencia-de-escorts-barcelona.jpg","type":"image\/jpeg"}],"twitter_card":"summary_large_image","twitter_misc":{"Gesch\u00e4tzte Lesezeit":"6\u00a0Minuten"},"schema":{"@context":"https:\/\/schema.org","@graph":[{"@type":"WebPage","@id":"https:\/\/www.rambhamassages.com\/de\/casting\/","url":"https:\/\/www.rambhamassages.com\/de\/casting\/","name":"Escort-Casting. Werden Sie Teil unseres Teams: Exklusiv in Barcelona","isPartOf":{"@id":"https:\/\/www.rambhamassages.com\/de\/#website"},"primaryImageOfPage":{"@id":"https:\/\/www.rambhamassages.com\/de\/casting\/#primaryimage"},"image":{"@id":"https:\/\/www.rambhamassages.com\/de\/casting\/#primaryimage"},"thumbnailUrl":"https:\/\/www.rambhamassages.com\/wp-content\/uploads\/2023\/08\/agencia-de-escorts-barcelona.jpg","datePublished":"2025-03-26T22:04:44+00:00","dateModified":"2025-03-26T22:20:05+00:00","description":"Wir suchen elegante und charismatische Frauen zur Verst\u00e4rkung unseres ausgew\u00e4hlten Teams. Hohes Einkommen, Diskretion und exklusive Kunden.","breadcrumb":{"@id":"https:\/\/www.rambhamassages.com\/de\/casting\/#breadcrumb"},"inLanguage":"de","potentialAction":[{"@type":"ReadAction","target":["https:\/\/www.rambhamassages.com\/de\/casting\/"]}]},{"@type":"ImageObject","inLanguage":"de","@id":"https:\/\/www.rambhamassages.com\/de\/casting\/#primaryimage","url":"https:\/\/www.rambhamassages.com\/wp-content\/uploads\/2023\/08\/agencia-de-escorts-barcelona.jpg","contentUrl":"https:\/\/www.rambhamassages.com\/wp-content\/uploads\/2023\/08\/agencia-de-escorts-barcelona.jpg","width":1200,"height":800,"caption":"Burdel de Barcelona"},{"@type":"BreadcrumbList","@id":"https:\/\/www.rambhamassages.com\/de\/casting\/#breadcrumb","itemListElement":[{"@type":"ListItem","position":1,"name":"Inicio","item":"https:\/\/www.rambhamassages.com\/de\/"},{"@type":"ListItem","position":2,"name":"Casting"}]},{"@type":"WebSite","@id":"https:\/\/www.rambhamassages.com\/de\/#website","url":"https:\/\/www.rambhamassages.com\/de\/","name":"Rambha Massages","description":"Escorts Barcelona","publisher":{"@id":"https:\/\/www.rambhamassages.com\/de\/#organization"},"alternateName":"Rambha Massages","potentialAction":[{"@type":"SearchAction","target":{"@type":"EntryPoint","urlTemplate":"https:\/\/www.rambhamassages.com\/de\/?s={search_term_string}"},"query-input":{"@type":"PropertyValueSpecification","valueRequired":true,"valueName":"search_term_string"}}],"inLanguage":"de"},{"@type":"Organization","@id":"https:\/\/www.rambhamassages.com\/de\/#organization","name":"Rambha Massages","alternateName":"Rambha Massages","url":"https:\/\/www.rambhamassages.com\/de\/","logo":{"@type":"ImageObject","inLanguage":"de","@id":"https:\/\/www.rambhamassages.com\/de\/#\/schema\/logo\/image\/","url":"https:\/\/www.rambhamassages.com\/wp-content\/uploads\/2021\/05\/Logotipo-17.png","contentUrl":"https:\/\/www.rambhamassages.com\/wp-content\/uploads\/2021\/05\/Logotipo-17.png","width":600,"height":510,"caption":"Rambha Massages"},"image":{"@id":"https:\/\/www.rambhamassages.com\/de\/#\/schema\/logo\/image\/"}}]}},"_links":{"self":[{"href":"https:\/\/www.rambhamassages.com\/de\/wp-json\/wp\/v2\/pages\/62614","targetHints":{"allow":["GET"]}}],"collection":[{"href":"https:\/\/www.rambhamassages.com\/de\/wp-json\/wp\/v2\/pages"}],"about":[{"href":"https:\/\/www.rambhamassages.com\/de\/wp-json\/wp\/v2\/types\/page"}],"author":[{"embeddable":true,"href":"https:\/\/www.rambhamassages.com\/de\/wp-json\/wp\/v2\/users\/3"}],"replies":[{"embeddable":true,"href":"https:\/\/www.rambhamassages.com\/de\/wp-json\/wp\/v2\/comments?post=62614"}],"version-history":[{"count":0,"href":"https:\/\/www.rambhamassages.com\/de\/wp-json\/wp\/v2\/pages\/62614\/revisions"}],"wp:featuredmedia":[{"embeddable":true,"href":"https:\/\/www.rambhamassages.com\/de\/wp-json\/wp\/v2\/media\/17527"}],"wp:attachment":[{"href":"https:\/\/www.rambhamassages.com\/de\/wp-json\/wp\/v2\/media?parent=62614"}],"curies":[{"name":"wp","href":"https:\/\/api.w.org\/{rel}","templated":true}]}}