{"id":37857,"date":"2025-03-09T21:55:02","date_gmt":"2025-03-09T21:55:02","guid":{"rendered":"https:\/\/www.rambhamassages.com\/contact\/"},"modified":"2026-04-27T16:24:28","modified_gmt":"2026-04-27T16:24:28","slug":"contact","status":"publish","type":"page","link":"https:\/\/www.rambhamassages.com\/fr\/contact\/","title":{"rendered":"Contact"},"content":{"rendered":"<section class=\"l-section wpb_row height_medium full_height valign_center color_secondary with_img with_shape\"><div class=\"l-section-img lazyload\" role=\"img\" aria-label=\"Escort Barcelone\" data-img-width=\"1216\" data-img-height=\"832\" style=\"background-image:inherit;\" data-bg-image=\"url(https:\/\/www.rambhamassages.com\/wp-content\/uploads\/2025\/03\/freepik__chica-muy-guapa-en-ciudad__72709.jpeg)\"><\/div><div class=\"l-section-overlay\" style=\"background:rgba(0,0,0,0.76)\"><\/div><div class=\"l-section-shape type_tilt pos_bottom\" style=\"height:15vmin;\"><svg xmlns=\"http:\/\/www.w3.org\/2000\/svg\" viewBox=\"0 0 64 8\" preserveAspectRatio=\"none\" width=\"100%\" height=\"100%\">\r\n\t<path fill=\"currentColor\" d=\"M64 7.9 L64 10 L0 10 L0 0 Z\"\/>\r\n<\/svg><\/div><div class=\"l-section-h i-cf\"><div class=\"g-cols vc_row via_grid cols_1 laptops-cols_inherit tablets-cols_inherit mobiles-cols_1 valign_top type_default stacking_default\"><div class=\"wpb_column vc_column_container\"><div class=\"vc_column-inner\"><div class=\"w-separator size_custom\" style=\"height:10vh\"><\/div><h1 class=\"w-text us_custom_8ac662a2 has_text_color\"><span class=\"w-text-h\"><span class=\"w-text-value\">Contactez-nous<\/span><\/span><\/h1><div class=\"w-separator size_small\"><\/div><div class=\"wpb_text_column us_custom_33b9ee00\"><div class=\"wpb_wrapper\"><p style=\"text-align: center;\">Pour toute question ou r\u00e9servation, n&rsquo;h\u00e9sitez pas \u00e0 nous contacter. Nous serons ravis de vous aider et de r\u00e9pondre \u00e0 toutes vos questions. <\/p>\n<\/div><\/div><div class=\"w-separator size_custom\" style=\"height:10vh\"><\/div><div class=\"w-iconbox us_custom_99682d72 iconpos_top style_default color_custom align_center no_text no_title\"><a href=\"#contacto\" class=\"w-iconbox-link\" aria-label=\"fas|chevron-down\"><div class=\"w-iconbox-icon\" style=\"font-size:4rem;\"><i class=\"fas fa-chevron-down\"><\/i><\/div><\/a><div class=\"w-iconbox-meta\"><\/div><\/div><\/div><\/div><\/div><\/div><\/section><section class=\"l-section wpb_row height_medium\" id=\"contacto\"><div class=\"l-section-h i-cf\"><div class=\"g-cols vc_row via_grid cols_1 laptops-cols_inherit tablets-cols_inherit mobiles-cols_1 valign_top type_default stacking_default\" style=\"--columns-gap:0rem;\"><div class=\"wpb_column vc_column_container\"><div class=\"vc_column-inner\"><div class=\"g-cols wpb_row via_grid cols_2 laptops-cols_inherit tablets-cols_1 mobiles-cols_1 valign_middle type_default stacking_default\" style=\"--columns-gap:3rem;\"><div class=\"wpb_column vc_column_container\"><div class=\"vc_column-inner\"><div class=\"w-iconbox us_custom_6df4bc3a has_text_color iconpos_left style_default color_primary align_left no_text\"><div class=\"w-iconbox-icon\" style=\"font-size:50px;\"><i class=\"fas fa-heart\"><\/i><\/div><div class=\"w-iconbox-meta\"><div class=\"w-iconbox-title\" style=\"font-size:26px;\">&lt;strong&gt;Des exp\u00e9riences uniques&lt;\/strong&gt;<\/div><\/div><\/div><div class=\"w-separator size_large\"><\/div><div class=\"w-iconbox us_custom_6df4bc3a has_text_color iconpos_left style_default color_primary align_left no_text\"><div class=\"w-iconbox-icon\" style=\"font-size:50px;\"><i class=\"fas fa-check\"><\/i><\/div><div class=\"w-iconbox-meta\"><div class=\"w-iconbox-title\" style=\"font-size:26px;\">&lt;strong&gt;Discr\u00e9tion et confidentialit\u00e9&lt;\/strong&gt;<\/div><\/div><\/div><div class=\"w-separator size_large\"><\/div><div class=\"w-iconbox us_custom_6df4bc3a has_text_color iconpos_left style_default color_primary align_left no_text\"><div class=\"w-iconbox-icon\" style=\"font-size:50px;\"><i class=\"fas fa-lock\"><\/i><\/div><div class=\"w-iconbox-meta\"><div class=\"w-iconbox-title\" style=\"font-size:26px;\">&lt;strong&gt;Environnement 100% s\u00fbr&lt;\/strong&gt;<\/div><\/div><\/div><\/div><\/div><div class=\"wpb_column vc_column_container\"><div class=\"vc_column-inner\"><div class=\"w-image has_ratio align_none\"><div class=\"w-image-h\"><div style=\"padding-bottom:100%\"><\/div><img decoding=\"async\" width=\"1216\" height=\"832\" data-src=\"https:\/\/www.rambhamassages.com\/wp-content\/uploads\/2025\/03\/freepik__chica-muy-guapa-en-ciudad__72710.jpeg\" class=\"attachment-full size-full lazyload\" alt=\"Escortes de luxe \u00e0 Barcelone\" src=\"data:image\/svg+xml;base64,PHN2ZyB3aWR0aD0iMSIgaGVpZ2h0PSIxIiB4bWxucz0iaHR0cDovL3d3dy53My5vcmcvMjAwMC9zdmciPjwvc3ZnPg==\" style=\"--smush-placeholder-width: 1216px; --smush-placeholder-aspect-ratio: 1216\/832;\" \/><\/div><\/div><\/div><\/div><\/div><\/div><\/div><\/div><\/div><\/section>\n","protected":false},"excerpt":{"rendered":"Contactez-nousPour toute question ou r\u00e9servation, n&rsquo;h\u00e9sitez pas \u00e0 nous contacter. Nous serons ravis de vous aider et de r\u00e9pondre \u00e0 toutes vos questions. &lt;strong&gt;Des exp\u00e9riences uniques&lt;\/strong&gt;&lt;strong&gt;Discr\u00e9tion et confidentialit\u00e9&lt;\/strong&gt;&lt;strong&gt;Environnement 100% s\u00fbr&lt;\/strong&gt;","protected":false},"author":1,"featured_media":0,"parent":0,"menu_order":0,"comment_status":"closed","ping_status":"closed","template":"","meta":{"footnotes":""},"class_list":["post-37857","page","type-page","status-publish","hentry"],"yoast_head":"<!-- This site is optimized with the Yoast SEO plugin v27.4 - https:\/\/yoast.com\/product\/yoast-seo-wordpress\/ -->\n<title>Pour effectuer une r\u00e9servation ou pour toute question, veuillez nous contacter.<\/title>\n<meta name=\"description\" content=\"Bienvenue dans notre rubrique contact. Vous pouvez nous \u00e9crire pour toute question ou pour effectuer une r\u00e9servation. Vous pouvez \u00e9galement nous appeler.\" \/>\n<meta name=\"robots\" content=\"index, follow, max-snippet:-1, max-image-preview:large, max-video-preview:-1\" \/>\n<link rel=\"canonical\" href=\"https:\/\/www.rambhamassages.com\/fr\/contact\/\" \/>\n<meta property=\"og:locale\" content=\"fr_FR\" \/>\n<meta property=\"og:type\" content=\"article\" \/>\n<meta property=\"og:title\" content=\"Pour effectuer une r\u00e9servation ou pour toute question, veuillez nous contacter.\" \/>\n<meta property=\"og:description\" content=\"Bienvenue dans notre rubrique contact. Vous pouvez nous \u00e9crire pour toute question ou pour effectuer une r\u00e9servation. Vous pouvez \u00e9galement nous appeler.\" \/>\n<meta property=\"og:url\" content=\"https:\/\/www.rambhamassages.com\/fr\/contact\/\" \/>\n<meta property=\"og:site_name\" content=\"Rambha Massages | Escorts Barcelona\" \/>\n<meta property=\"article:modified_time\" content=\"2026-04-27T16:24:28+00:00\" \/>\n<meta property=\"og:image\" content=\"https:\/\/www.rambhamassages.com\/wp-content\/uploads\/2025\/03\/freepik__chica-muy-guapa-en-ciudad__72708.jpeg\" \/>\n\t<meta property=\"og:image:width\" content=\"1216\" \/>\n\t<meta property=\"og:image:height\" content=\"832\" \/>\n\t<meta property=\"og:image:type\" content=\"image\/jpeg\" \/>\n<meta name=\"twitter:card\" content=\"summary_large_image\" \/>\n<meta name=\"twitter:label1\" content=\"Dur\u00e9e de lecture estim\u00e9e\" \/>\n\t<meta name=\"twitter:data1\" content=\"2 minutes\" \/>\n<script type=\"application\/ld+json\" class=\"yoast-schema-graph\">{\"@context\":\"https:\\\/\\\/schema.org\",\"@graph\":[{\"@type\":\"WebPage\",\"@id\":\"https:\\\/\\\/www.rambhamassages.com\\\/fr\\\/contact\\\/\",\"url\":\"https:\\\/\\\/www.rambhamassages.com\\\/fr\\\/contact\\\/\",\"name\":\"Pour effectuer une r\u00e9servation ou pour toute question, veuillez nous contacter.\",\"isPartOf\":{\"@id\":\"https:\\\/\\\/www.rambhamassages.com\\\/fr\\\/#website\"},\"datePublished\":\"2025-03-09T21:55:02+00:00\",\"dateModified\":\"2026-04-27T16:24:28+00:00\",\"description\":\"Bienvenue dans notre rubrique contact. Vous pouvez nous \u00e9crire pour toute question ou pour effectuer une r\u00e9servation. Vous pouvez \u00e9galement nous appeler.\",\"breadcrumb\":{\"@id\":\"https:\\\/\\\/www.rambhamassages.com\\\/fr\\\/contact\\\/#breadcrumb\"},\"inLanguage\":\"fr-FR\",\"potentialAction\":[{\"@type\":\"ReadAction\",\"target\":[\"https:\\\/\\\/www.rambhamassages.com\\\/fr\\\/contact\\\/\"]}]},{\"@type\":\"BreadcrumbList\",\"@id\":\"https:\\\/\\\/www.rambhamassages.com\\\/fr\\\/contact\\\/#breadcrumb\",\"itemListElement\":[{\"@type\":\"ListItem\",\"position\":1,\"name\":\"Inicio\",\"item\":\"https:\\\/\\\/www.rambhamassages.com\\\/fr\\\/\"},{\"@type\":\"ListItem\",\"position\":2,\"name\":\"Contact\"}]},{\"@type\":\"WebSite\",\"@id\":\"https:\\\/\\\/www.rambhamassages.com\\\/fr\\\/#website\",\"url\":\"https:\\\/\\\/www.rambhamassages.com\\\/fr\\\/\",\"name\":\"Rambha Massages\",\"description\":\"Escorts Barcelona\",\"publisher\":{\"@id\":\"https:\\\/\\\/www.rambhamassages.com\\\/fr\\\/#organization\"},\"alternateName\":\"Rambha Massages\",\"potentialAction\":[{\"@type\":\"SearchAction\",\"target\":{\"@type\":\"EntryPoint\",\"urlTemplate\":\"https:\\\/\\\/www.rambhamassages.com\\\/fr\\\/?s={search_term_string}\"},\"query-input\":{\"@type\":\"PropertyValueSpecification\",\"valueRequired\":true,\"valueName\":\"search_term_string\"}}],\"inLanguage\":\"fr-FR\"},{\"@type\":\"Organization\",\"@id\":\"https:\\\/\\\/www.rambhamassages.com\\\/fr\\\/#organization\",\"name\":\"Rambha Massages\",\"alternateName\":\"Rambha Massages\",\"url\":\"https:\\\/\\\/www.rambhamassages.com\\\/fr\\\/\",\"logo\":{\"@type\":\"ImageObject\",\"inLanguage\":\"fr-FR\",\"@id\":\"https:\\\/\\\/www.rambhamassages.com\\\/fr\\\/#\\\/schema\\\/logo\\\/image\\\/\",\"url\":\"https:\\\/\\\/www.rambhamassages.com\\\/wp-content\\\/uploads\\\/2021\\\/05\\\/Logotipo-17.png\",\"contentUrl\":\"https:\\\/\\\/www.rambhamassages.com\\\/wp-content\\\/uploads\\\/2021\\\/05\\\/Logotipo-17.png\",\"width\":600,\"height\":510,\"caption\":\"Rambha Massages\"},\"image\":{\"@id\":\"https:\\\/\\\/www.rambhamassages.com\\\/fr\\\/#\\\/schema\\\/logo\\\/image\\\/\"}}]}<\/script>\n<!-- \/ Yoast SEO plugin. -->","yoast_head_json":{"title":"Pour effectuer une r\u00e9servation ou pour toute question, veuillez nous contacter.","description":"Bienvenue dans notre rubrique contact. Vous pouvez nous \u00e9crire pour toute question ou pour effectuer une r\u00e9servation. Vous pouvez \u00e9galement nous appeler.","robots":{"index":"index","follow":"follow","max-snippet":"max-snippet:-1","max-image-preview":"max-image-preview:large","max-video-preview":"max-video-preview:-1"},"canonical":"https:\/\/www.rambhamassages.com\/fr\/contact\/","og_locale":"fr_FR","og_type":"article","og_title":"Pour effectuer une r\u00e9servation ou pour toute question, veuillez nous contacter.","og_description":"Bienvenue dans notre rubrique contact. Vous pouvez nous \u00e9crire pour toute question ou pour effectuer une r\u00e9servation. Vous pouvez \u00e9galement nous appeler.","og_url":"https:\/\/www.rambhamassages.com\/fr\/contact\/","og_site_name":"Rambha Massages | Escorts Barcelona","article_modified_time":"2026-04-27T16:24:28+00:00","og_image":[{"width":1216,"height":832,"url":"https:\/\/www.rambhamassages.com\/wp-content\/uploads\/2025\/03\/freepik__chica-muy-guapa-en-ciudad__72708.jpeg","type":"image\/jpeg"}],"twitter_card":"summary_large_image","twitter_misc":{"Dur\u00e9e de lecture estim\u00e9e":"2 minutes"},"schema":{"@context":"https:\/\/schema.org","@graph":[{"@type":"WebPage","@id":"https:\/\/www.rambhamassages.com\/fr\/contact\/","url":"https:\/\/www.rambhamassages.com\/fr\/contact\/","name":"Pour effectuer une r\u00e9servation ou pour toute question, veuillez nous contacter.","isPartOf":{"@id":"https:\/\/www.rambhamassages.com\/fr\/#website"},"datePublished":"2025-03-09T21:55:02+00:00","dateModified":"2026-04-27T16:24:28+00:00","description":"Bienvenue dans notre rubrique contact. Vous pouvez nous \u00e9crire pour toute question ou pour effectuer une r\u00e9servation. Vous pouvez \u00e9galement nous appeler.","breadcrumb":{"@id":"https:\/\/www.rambhamassages.com\/fr\/contact\/#breadcrumb"},"inLanguage":"fr-FR","potentialAction":[{"@type":"ReadAction","target":["https:\/\/www.rambhamassages.com\/fr\/contact\/"]}]},{"@type":"BreadcrumbList","@id":"https:\/\/www.rambhamassages.com\/fr\/contact\/#breadcrumb","itemListElement":[{"@type":"ListItem","position":1,"name":"Inicio","item":"https:\/\/www.rambhamassages.com\/fr\/"},{"@type":"ListItem","position":2,"name":"Contact"}]},{"@type":"WebSite","@id":"https:\/\/www.rambhamassages.com\/fr\/#website","url":"https:\/\/www.rambhamassages.com\/fr\/","name":"Rambha Massages","description":"Escorts Barcelona","publisher":{"@id":"https:\/\/www.rambhamassages.com\/fr\/#organization"},"alternateName":"Rambha Massages","potentialAction":[{"@type":"SearchAction","target":{"@type":"EntryPoint","urlTemplate":"https:\/\/www.rambhamassages.com\/fr\/?s={search_term_string}"},"query-input":{"@type":"PropertyValueSpecification","valueRequired":true,"valueName":"search_term_string"}}],"inLanguage":"fr-FR"},{"@type":"Organization","@id":"https:\/\/www.rambhamassages.com\/fr\/#organization","name":"Rambha Massages","alternateName":"Rambha Massages","url":"https:\/\/www.rambhamassages.com\/fr\/","logo":{"@type":"ImageObject","inLanguage":"fr-FR","@id":"https:\/\/www.rambhamassages.com\/fr\/#\/schema\/logo\/image\/","url":"https:\/\/www.rambhamassages.com\/wp-content\/uploads\/2021\/05\/Logotipo-17.png","contentUrl":"https:\/\/www.rambhamassages.com\/wp-content\/uploads\/2021\/05\/Logotipo-17.png","width":600,"height":510,"caption":"Rambha Massages"},"image":{"@id":"https:\/\/www.rambhamassages.com\/fr\/#\/schema\/logo\/image\/"}}]}},"_links":{"self":[{"href":"https:\/\/www.rambhamassages.com\/fr\/wp-json\/wp\/v2\/pages\/37857","targetHints":{"allow":["GET"]}}],"collection":[{"href":"https:\/\/www.rambhamassages.com\/fr\/wp-json\/wp\/v2\/pages"}],"about":[{"href":"https:\/\/www.rambhamassages.com\/fr\/wp-json\/wp\/v2\/types\/page"}],"author":[{"embeddable":true,"href":"https:\/\/www.rambhamassages.com\/fr\/wp-json\/wp\/v2\/users\/1"}],"replies":[{"embeddable":true,"href":"https:\/\/www.rambhamassages.com\/fr\/wp-json\/wp\/v2\/comments?post=37857"}],"version-history":[{"count":12,"href":"https:\/\/www.rambhamassages.com\/fr\/wp-json\/wp\/v2\/pages\/37857\/revisions"}],"predecessor-version":[{"id":88785,"href":"https:\/\/www.rambhamassages.com\/fr\/wp-json\/wp\/v2\/pages\/37857\/revisions\/88785"}],"wp:attachment":[{"href":"https:\/\/www.rambhamassages.com\/fr\/wp-json\/wp\/v2\/media?parent=37857"}],"curies":[{"name":"wp","href":"https:\/\/api.w.org\/{rel}","templated":true}]}}