{"id":62619,"date":"2025-03-26T22:04:45","date_gmt":"2025-03-26T22:04:45","guid":{"rendered":"https:\/\/www.rambhamassages.com\/fonderie\/"},"modified":"2025-03-26T22:20:43","modified_gmt":"2025-03-26T22:20:43","slug":"casting","status":"publish","type":"page","link":"https:\/\/www.rambhamassages.com\/fr\/casting\/","title":{"rendered":"Casting"},"content":{"rendered":"<section class=\"l-section wpb_row height_medium full_height valign_center color_secondary with_video with_shape\"><div id=\"us_bg_video_vdbb\" class=\"l-section-video\"><script id=\"us_bg_video_vdbb-script\">!function(w){var node = document.getElementById( 'us_bg_video_vdbb' );if ( w.innerWidth <= 1 ) { node.remove() }}(window);<\/script><style>@media(max-width:1px){#us_bg_video_vdbb{display:none!important}}<\/style><video  autoplay loop muted playsinline preload=\"auto\" tabindex=\"-1\"><source type=\"video\/mp4\" src=\"https:\/\/rambhamassages.es\/wp-content\/uploads\/2025\/01\/0_Woman_Dress_3840x2160.mp4\" \/><\/video><\/div><div class=\"l-section-overlay\" style=\"background:rgba(0,0,0,0.67)\"><\/div><div class=\"l-section-shape type_tilt pos_bottom\" style=\"height:15vmin;\"><svg xmlns=\"http:\/\/www.w3.org\/2000\/svg\" viewBox=\"0 0 64 8\" preserveAspectRatio=\"none\" width=\"100%\" height=\"100%\">\r\n\t<path fill=\"currentColor\" d=\"M64 7.9 L64 10 L0 10 L0 0 Z\"\/>\r\n<\/svg><\/div><div class=\"l-section-h i-cf\"><div class=\"g-cols vc_row via_grid cols_1 laptops-cols_inherit tablets-cols_inherit mobiles-cols_1 valign_top type_default stacking_default\"><div class=\"wpb_column vc_column_container\"><div class=\"vc_column-inner\"><div class=\"w-separator size_custom\" style=\"height:10vh\"><\/div><h1 class=\"w-text us_custom_8ac662a2 has_text_color\"><span class=\"w-text-h\"><span class=\"w-text-value\">CASTING D&apos;ESCORTE<\/span><\/span><\/h1><div class=\"wpb_text_column us_custom_33b9ee00\"><div class=\"wpb_wrapper\"><h2 style=\"text-align: center;\"><span style=\"color: #c6a04f;\"><strong>Souhaitez-vous faire partie d&rsquo;une \u00e9quipe exclusive et s\u00e9lecte ?<\/strong><\/span><\/h2>\n<p style=\"text-align: center;\">Dans notre agence, nous recherchons des femmes avec de l&rsquo;\u00e9l\u00e9gance, de l&rsquo;attitude et une envie de vivre une exp\u00e9rience unique dans un environnement distingu\u00e9. Si vous vous consid\u00e9rez comme une personne attirante, avec un don pour les gens et une passion pour la discr\u00e9tion et le traitement exquis, c&rsquo;est votre opportunit\u00e9. <\/p>\n<\/div><\/div><div class=\"w-separator size_small\"><\/div><div class=\"w-separator size_custom\" style=\"height:10vh\"><\/div><div class=\"w-iconbox us_custom_99682d72 iconpos_top style_default color_custom align_center no_text no_title\"><a href=\"#1\" class=\"w-iconbox-link\" aria-label=\"fas|chevron-down\"><div class=\"w-iconbox-icon\" style=\"font-size:4rem;\"><i class=\"fas fa-chevron-down\"><\/i><\/div><\/a><div class=\"w-iconbox-meta\"><\/div><\/div><\/div><\/div><\/div><\/div><\/section><section class=\"l-section wpb_row height_medium\" id=\"1\"><div class=\"l-section-h i-cf\"><div class=\"g-cols vc_row via_grid cols_1 laptops-cols_inherit tablets-cols_inherit mobiles-cols_1 valign_top type_default stacking_default\" style=\"--columns-gap:0rem;\"><div class=\"wpb_column vc_column_container\"><div class=\"vc_column-inner\"><div class=\"wpb_text_column us_custom_6df4bc3a has_text_color\"><div class=\"wpb_wrapper\"><h3><span style=\"color: #c6a04f;\"><strong>Que recherchons-nous ?<\/strong><\/span><\/h3>\n<p>\u2714\ufe0f Femmes majeures<br \/>\n\u2714\ufe0f Bonne apparence et soins personnels<br \/>\n\u2714\ufe0f Attitude s\u00e9duisante et traitement agr\u00e9able<br \/>\n\u2714\ufe0f Connaissance des langues (valoris\u00e9e, mais pas indispensable)<br \/>\n\u2714\ufe0f D\u00e9sir d&rsquo;apprendre et de s&rsquo;am\u00e9liorer<br \/>\n\u2714\ufe0f Hygi\u00e8ne irr\u00e9prochable et pr\u00e9sentation \u00e9l\u00e9gante<\/p>\n<h3><span style=\"color: #c6a04f;\"><strong>Que proposons-nous?<\/strong><\/span><\/h3>\n<p>\u2728 Excellentes conditions de travail<br \/>\n\u2728 Formation et conseils personnalis\u00e9s<br \/>\n\u2728 Revenus \u00e9lev\u00e9s et autonomie compl\u00e8te<br \/>\n\u2728 Discr\u00e9tion et confidentialit\u00e9 maximales<br \/>\n\u2728 Client\u00e8le exclusive et de haut niveau<\/p>\n<p>Si vous souhaitez faire partie d&rsquo;un environnement s\u00fbr, professionnel et exclusif, contactez-nous sans engagement. Nous vous garantissons un environnement de respect, d\u2019intimit\u00e9 et des opportunit\u00e9s uniques pour d\u00e9velopper votre potentiel. <\/p>\n<p><strong>\ud83d\udce9 \u00c9crivez-nous et d\u00e9couvrez tout ce que nous pouvons vous offrir.<\/strong><\/p>\n<\/div><\/div><div class=\"w-separator size_large\"><\/div><div class=\"g-cols wpb_row via_grid cols_1-4-1 laptops-cols_inherit tablets-cols_inherit mobiles-cols_1 valign_top type_default stacking_default\" style=\"--columns-gap:3rem;\"><div class=\"wpb_column vc_column_container\"><div class=\"vc_column-inner\"><\/div><\/div><div class=\"wpb_column vc_column_container\"><div class=\"vc_column-inner\"><form class=\"w-form  us-field-style_1 layout_ver show_message_after_sending for_cform us_form_1\" action=\"https:\/\/www.rambhamassages.com\/fr\/wp-json\/wp\/v2\/pages\/62619\" method=\"post\" enctype=\"multipart\/form-data\"><div class=\"w-form-h\"><div class=\"w-form-row for_text required cols_2\">\r\n\t\t<div class=\"w-form-row-field\">\r\n\t\t\t\t\t\t<input aria-label=\"Nom\" type=\"text\" name=\"us_form_1_text_1\" value placeholder=\"Nom *\" data-required=\"true\" aria-required=\"true\"\/>\r\n\t\t\t<\/div>\r\n\t\t<div class=\"w-form-row-state\">Vous devez remplir ce champ<\/div>\r\n<\/div>\r\n<div class=\"w-form-row for_text required cols_2\">\r\n\t\t<div class=\"w-form-row-field\">\r\n\t\t\t\t\t\t<input aria-label=\"\u00c2ge\" type=\"text\" name=\"us_form_1_text_2\" value placeholder=\"\u00c2ge *\" data-required=\"true\" aria-required=\"true\"\/>\r\n\t\t\t<\/div>\r\n\t\t<div class=\"w-form-row-state\">Vous devez remplir ce champ<\/div>\r\n<\/div>\r\n<div class=\"w-form-row for_text required\">\r\n\t\t<div class=\"w-form-row-field\">\r\n\t\t\t\t\t\t<input aria-label=\"Nationalit\u00e9\" type=\"text\" name=\"us_form_1_text_3\" value placeholder=\"Nationalit\u00e9 *\" data-required=\"true\" aria-required=\"true\"\/>\r\n\t\t\t<\/div>\r\n\t\t<div class=\"w-form-row-state\">Vous devez remplir ce champ<\/div>\r\n<\/div>\r\n<div class=\"w-form-row for_text required cols_2\">\r\n\t\t<div class=\"w-form-row-field\">\r\n\t\t\t\t\t\t<input aria-label=\"T\u00e9l\u00e9phone\" inputmode=\"tel\" type=\"text\" name=\"us_form_1_text_4\" value placeholder=\"T\u00e9l\u00e9phone *\" data-required=\"true\" aria-required=\"true\"\/>\r\n\t\t\t<\/div>\r\n\t\t<div class=\"w-form-row-state\">Vous devez remplir ce champ<\/div>\r\n<\/div>\r\n<div class=\"w-form-row for_email required cols_2\">\r\n\t\t<div class=\"w-form-row-field\">\r\n\t\t\t\t\t\t<input aria-label=\"E-mail\" type=\"email\" name=\"us_form_1_email_1\" value placeholder=\"E-mail *\" data-required=\"true\" aria-required=\"true\"\/>\r\n\t\t\t<\/div>\r\n\t\t<div class=\"w-form-row-state\">Veuillez saisir une adresse e-mail valide.<\/div>\r\n<\/div>\r\n<div class=\"w-form-row for_info\">\r\n\t<p>Photo du visage<\/p>\r\n<\/div>\r\n<div class=\"w-form-row for_file required\">\r\n\t\t<div class=\"w-form-row-field\">\r\n\t\t\t\t\t\t<input aria-label=\"us_form_1_file_1\" type=\"file\" name=\"us_form_1_file_1\" accept=\".pdf,.jpg,.jpeg,.png\" data-std=\"10MB\" data-max_size=\"10\" data-required=\"true\" aria-required=\"true\"\/>\r\n\t\t\t<\/div>\r\n\t\t<div class=\"w-form-row-state\">Vous devez remplir ce champ<\/div>\r\n<\/div>\r\n<div class=\"w-form-row for_info\">\r\n\t<p>Photos du corps<\/p>\r\n<\/div>\r\n<div class=\"w-form-row for_file required cols_2\">\r\n\t\t<div class=\"w-form-row-field\">\r\n\t\t\t\t\t\t<input aria-label=\"us_form_1_file_2\" type=\"file\" name=\"us_form_1_file_2\" accept=\".pdf,.jpg,.jpeg,.png\" data-std=\"10MB\" data-max_size=\"10\" data-required=\"true\" aria-required=\"true\"\/>\r\n\t\t\t<\/div>\r\n\t\t<div class=\"w-form-row-state\">Vous devez remplir ce champ<\/div>\r\n<\/div>\r\n<div class=\"w-form-row for_file required cols_2\">\r\n\t\t<div class=\"w-form-row-field\">\r\n\t\t\t\t\t\t<input aria-label=\"us_form_1_file_3\" type=\"file\" name=\"us_form_1_file_3\" accept=\".pdf,.jpg,.jpeg,.png\" data-std=\"10MB\" data-max_size=\"10\" data-required=\"true\" aria-required=\"true\"\/>\r\n\t\t\t<\/div>\r\n\t\t<div class=\"w-form-row-state\">Vous devez remplir ce champ<\/div>\r\n<\/div>\r\n<div class=\"w-form-row for_file required cols_2\">\r\n\t\t<div class=\"w-form-row-field\">\r\n\t\t\t\t\t\t<input aria-label=\"us_form_1_file_4\" type=\"file\" name=\"us_form_1_file_4\" accept=\".pdf,.jpg,.jpeg,.png\" data-std=\"10MB\" data-max_size=\"10\" data-required=\"true\" aria-required=\"true\"\/>\r\n\t\t\t<\/div>\r\n\t\t<div class=\"w-form-row-state\">Vous devez remplir ce champ<\/div>\r\n<\/div>\r\n<div class=\"w-form-row for_file required cols_2\">\r\n\t\t<div class=\"w-form-row-field\">\r\n\t\t\t\t\t\t<input aria-label=\"us_form_1_file_5\" type=\"file\" name=\"us_form_1_file_5\" accept=\".pdf,.jpg,.jpeg,.png\" data-std=\"10MB\" data-max_size=\"10\" data-required=\"true\" aria-required=\"true\"\/>\r\n\t\t\t<\/div>\r\n\t\t<div class=\"w-form-row-state\">Vous devez remplir ce champ<\/div>\r\n<\/div>\r\n<div class=\"w-form-row for_textarea required\">\r\n\t\t<div class=\"w-form-row-field\">\r\n\t\t\t\t\t\t<textarea aria-label=\"Parlez-nous un peu de vous\" name=\"us_form_1_textarea_1\" placeholder=\"Parlez-nous un peu de vous *\" data-required=\"true\" aria-required=\"true\"><\/textarea>\r\n\t\t\t<\/div>\r\n\t\t<div class=\"w-form-row-state\">Vous devez remplir ce champ<\/div>\r\n<\/div>\r\n<div class=\"w-form-row for_captcha required\">\r\n\t<div class=\"w-form-row-label\">\r\n\t\t<span> <span>24 + 6 = ?<\/span><\/span>\r\n\t<\/div>\r\n\t<div class=\"w-form-row-field\">\r\n\t\t\t\t<input type=\"hidden\" name=\"us_form_1_captcha_1_hash\" value=\"0c67f4c42470eaa41c9ea8fb08ed04eb\" \/>\r\n\t\t\t\t<input aria-label=\"us_form_1_captcha_1\" type=\"text\" name=\"us_form_1_captcha_1\" placeholder data-required=\"true\" aria-required=\"true\"\/>\r\n\t\t\t<\/div>\r\n\t\t<div class=\"w-form-row-state\">Entrer le r\u00e9sultat de l'op\u00e9ration pour continuer<\/div>\r\n<\/div>\r\n<div class=\"w-form-row for_agreement required\">\r\n\t\t<div class=\"w-form-row-field\">\r\n\t\t\t\t<label>\r\n\t\t\t<input type=\"checkbox\" value=\"1\" data-required=\"true\" aria-required=\"true\" name=\"us_form_1_agreement_1\"\/>\r\n\t\t\t<span>J'accepte la politique de confidentialit\u00e9<\/strong><\/a> et les <strong>mentions l\u00e9gales<\/strong><\/a> \u00e0 partir de ce site Web.<\/span>\r\n\t\t<\/label>\r\n\t\t\t<\/div>\r\n\t\t<div class=\"w-form-row-state\">Vous devez accepter les conditions pour continuer<\/div>\r\n<\/div>\r\n<input type=\"hidden\" name=\"action\" value=\"us_ajax_cform\" \/>\r\n<input type=\"hidden\" name=\"post_id\" value=\"0\" \/>\r\n<input type=\"hidden\" name=\"form_index\" value=\"1\" \/>\r\n<div class=\"w-form-row for_submit align_none\"><button class=\"w-btn us-btn-style_1\" type=\"submit\" aria-label=\"Envoyer\"><span class=\"g-preloader type_1\"><\/span><span class=\"w-btn-label\">Envoyer<\/span><\/button><\/div><\/div><div class=\"w-form-message\"><\/div><div class=\"w-form-json hidden\" onclick='return {&quot;ajaxurl&quot;:&quot;https:\\\/\\\/www.rambhamassages.com\\\/wp-admin\\\/admin-ajax.php&quot;,&quot;messages&quot;:{&quot;err_empty&quot;:&quot;Vous devez remplir ce champ&quot;,&quot;err_size&quot;:&quot;La taille du fichier ne peut pas d\\u00e9passer %s Mo&quot;,&quot;err_extension&quot;:&quot;Le type de fichier %s n&#039;est pas autoris\\u00e9&quot;,&quot;err_recaptcha_keys&quot;:&quot;Les cl\\u00e9s reCAPTCHA sont incorrectes&quot;}}'><\/div><\/form><\/div><\/div><div class=\"wpb_column vc_column_container\"><div class=\"vc_column-inner\"><\/div><\/div><\/div><\/div><\/div><\/div><\/div><\/section>\n","protected":false},"excerpt":{"rendered":"CASTING D&apos;ESCORTESouhaitez-vous faire partie d&rsquo;une \u00e9quipe exclusive et s\u00e9lecte ? Dans notre agence, nous recherchons des femmes avec de l&rsquo;\u00e9l\u00e9gance, de l&rsquo;attitude et une envie de vivre une exp\u00e9rience unique dans un environnement distingu\u00e9. Si vous vous consid\u00e9rez comme une personne attirante, avec un don pour les gens et une passion pour la discr\u00e9tion et&hellip; <a class=\"continue\" href=\"https:\/\/www.rambhamassages.com\/fr\/casting\/\">Continue Reading<span> Casting<\/span><\/a>","protected":false},"author":3,"featured_media":52823,"parent":0,"menu_order":0,"comment_status":"closed","ping_status":"closed","template":"","meta":{"footnotes":""},"class_list":["post-62619","page","type-page","status-publish","has-post-thumbnail","hentry"],"yoast_head":"<!-- This site is optimized with the Yoast SEO plugin v27.4 - https:\/\/yoast.com\/product\/yoast-seo-wordpress\/ -->\n<title>Casting d&#039;escorte. Rejoignez notre \u00e9quipe : Exclusivement \u00e0 Barcelone<\/title>\n<meta name=\"description\" content=\"Nous recherchons des femmes \u00e9l\u00e9gantes et charismatiques pour rejoindre notre \u00e9quipe s\u00e9lectionn\u00e9e. Revenus \u00e9lev\u00e9s, discr\u00e9tion et client\u00e8le exclusive.\" \/>\n<meta name=\"robots\" content=\"index, follow, max-snippet:-1, max-image-preview:large, max-video-preview:-1\" \/>\n<link rel=\"canonical\" href=\"https:\/\/www.rambhamassages.com\/fr\/casting\/\" \/>\n<meta property=\"og:locale\" content=\"fr_FR\" \/>\n<meta property=\"og:type\" content=\"article\" \/>\n<meta property=\"og:title\" content=\"Casting d&#039;escorte. Rejoignez notre \u00e9quipe : Exclusivement \u00e0 Barcelone\" \/>\n<meta property=\"og:description\" content=\"Nous recherchons des femmes \u00e9l\u00e9gantes et charismatiques pour rejoindre notre \u00e9quipe s\u00e9lectionn\u00e9e. Revenus \u00e9lev\u00e9s, discr\u00e9tion et client\u00e8le exclusive.\" \/>\n<meta property=\"og:url\" content=\"https:\/\/www.rambhamassages.com\/fr\/casting\/\" \/>\n<meta property=\"og:site_name\" content=\"Rambha Massages | Escorts Barcelona\" \/>\n<meta property=\"article:modified_time\" content=\"2025-03-26T22:20:43+00:00\" \/>\n<meta property=\"og:image\" content=\"https:\/\/www.rambhamassages.com\/wp-content\/uploads\/2023\/08\/agencia-de-escorts-barcelona.jpg\" \/>\n\t<meta property=\"og:image:width\" content=\"1000\" \/>\n\t<meta property=\"og:image:height\" content=\"667\" \/>\n\t<meta property=\"og:image:type\" content=\"image\/jpeg\" \/>\n<meta name=\"twitter:card\" content=\"summary_large_image\" \/>\n<meta name=\"twitter:label1\" content=\"Dur\u00e9e de lecture estim\u00e9e\" \/>\n\t<meta name=\"twitter:data1\" content=\"6 minutes\" \/>\n<script type=\"application\/ld+json\" class=\"yoast-schema-graph\">{\"@context\":\"https:\\\/\\\/schema.org\",\"@graph\":[{\"@type\":\"WebPage\",\"@id\":\"https:\\\/\\\/www.rambhamassages.com\\\/fr\\\/casting\\\/\",\"url\":\"https:\\\/\\\/www.rambhamassages.com\\\/fr\\\/casting\\\/\",\"name\":\"Casting d'escorte. Rejoignez notre \u00e9quipe : Exclusivement \u00e0 Barcelone\",\"isPartOf\":{\"@id\":\"https:\\\/\\\/www.rambhamassages.com\\\/fr\\\/#website\"},\"primaryImageOfPage\":{\"@id\":\"https:\\\/\\\/www.rambhamassages.com\\\/fr\\\/casting\\\/#primaryimage\"},\"image\":{\"@id\":\"https:\\\/\\\/www.rambhamassages.com\\\/fr\\\/casting\\\/#primaryimage\"},\"thumbnailUrl\":\"https:\\\/\\\/www.rambhamassages.com\\\/wp-content\\\/uploads\\\/2023\\\/08\\\/agencia-de-escorts-barcelona.jpg\",\"datePublished\":\"2025-03-26T22:04:45+00:00\",\"dateModified\":\"2025-03-26T22:20:43+00:00\",\"description\":\"Nous recherchons des femmes \u00e9l\u00e9gantes et charismatiques pour rejoindre notre \u00e9quipe s\u00e9lectionn\u00e9e. Revenus \u00e9lev\u00e9s, discr\u00e9tion et client\u00e8le exclusive.\",\"breadcrumb\":{\"@id\":\"https:\\\/\\\/www.rambhamassages.com\\\/fr\\\/casting\\\/#breadcrumb\"},\"inLanguage\":\"fr-FR\",\"potentialAction\":[{\"@type\":\"ReadAction\",\"target\":[\"https:\\\/\\\/www.rambhamassages.com\\\/fr\\\/casting\\\/\"]}]},{\"@type\":\"ImageObject\",\"inLanguage\":\"fr-FR\",\"@id\":\"https:\\\/\\\/www.rambhamassages.com\\\/fr\\\/casting\\\/#primaryimage\",\"url\":\"https:\\\/\\\/www.rambhamassages.com\\\/wp-content\\\/uploads\\\/2023\\\/08\\\/agencia-de-escorts-barcelona.jpg\",\"contentUrl\":\"https:\\\/\\\/www.rambhamassages.com\\\/wp-content\\\/uploads\\\/2023\\\/08\\\/agencia-de-escorts-barcelona.jpg\",\"width\":1000,\"height\":667,\"caption\":\"Escort casting\"},{\"@type\":\"BreadcrumbList\",\"@id\":\"https:\\\/\\\/www.rambhamassages.com\\\/fr\\\/casting\\\/#breadcrumb\",\"itemListElement\":[{\"@type\":\"ListItem\",\"position\":1,\"name\":\"Inicio\",\"item\":\"https:\\\/\\\/www.rambhamassages.com\\\/fr\\\/\"},{\"@type\":\"ListItem\",\"position\":2,\"name\":\"Casting\"}]},{\"@type\":\"WebSite\",\"@id\":\"https:\\\/\\\/www.rambhamassages.com\\\/fr\\\/#website\",\"url\":\"https:\\\/\\\/www.rambhamassages.com\\\/fr\\\/\",\"name\":\"Rambha Massages\",\"description\":\"Escorts Barcelona\",\"publisher\":{\"@id\":\"https:\\\/\\\/www.rambhamassages.com\\\/fr\\\/#organization\"},\"alternateName\":\"Rambha Massages\",\"potentialAction\":[{\"@type\":\"SearchAction\",\"target\":{\"@type\":\"EntryPoint\",\"urlTemplate\":\"https:\\\/\\\/www.rambhamassages.com\\\/fr\\\/?s={search_term_string}\"},\"query-input\":{\"@type\":\"PropertyValueSpecification\",\"valueRequired\":true,\"valueName\":\"search_term_string\"}}],\"inLanguage\":\"fr-FR\"},{\"@type\":\"Organization\",\"@id\":\"https:\\\/\\\/www.rambhamassages.com\\\/fr\\\/#organization\",\"name\":\"Rambha Massages\",\"alternateName\":\"Rambha Massages\",\"url\":\"https:\\\/\\\/www.rambhamassages.com\\\/fr\\\/\",\"logo\":{\"@type\":\"ImageObject\",\"inLanguage\":\"fr-FR\",\"@id\":\"https:\\\/\\\/www.rambhamassages.com\\\/fr\\\/#\\\/schema\\\/logo\\\/image\\\/\",\"url\":\"https:\\\/\\\/www.rambhamassages.com\\\/wp-content\\\/uploads\\\/2021\\\/05\\\/Logotipo-17.png\",\"contentUrl\":\"https:\\\/\\\/www.rambhamassages.com\\\/wp-content\\\/uploads\\\/2021\\\/05\\\/Logotipo-17.png\",\"width\":600,\"height\":510,\"caption\":\"Rambha Massages\"},\"image\":{\"@id\":\"https:\\\/\\\/www.rambhamassages.com\\\/fr\\\/#\\\/schema\\\/logo\\\/image\\\/\"}}]}<\/script>\n<!-- \/ Yoast SEO plugin. -->","yoast_head_json":{"title":"Casting d'escorte. Rejoignez notre \u00e9quipe : Exclusivement \u00e0 Barcelone","description":"Nous recherchons des femmes \u00e9l\u00e9gantes et charismatiques pour rejoindre notre \u00e9quipe s\u00e9lectionn\u00e9e. Revenus \u00e9lev\u00e9s, discr\u00e9tion et client\u00e8le exclusive.","robots":{"index":"index","follow":"follow","max-snippet":"max-snippet:-1","max-image-preview":"max-image-preview:large","max-video-preview":"max-video-preview:-1"},"canonical":"https:\/\/www.rambhamassages.com\/fr\/casting\/","og_locale":"fr_FR","og_type":"article","og_title":"Casting d'escorte. Rejoignez notre \u00e9quipe : Exclusivement \u00e0 Barcelone","og_description":"Nous recherchons des femmes \u00e9l\u00e9gantes et charismatiques pour rejoindre notre \u00e9quipe s\u00e9lectionn\u00e9e. Revenus \u00e9lev\u00e9s, discr\u00e9tion et client\u00e8le exclusive.","og_url":"https:\/\/www.rambhamassages.com\/fr\/casting\/","og_site_name":"Rambha Massages | Escorts Barcelona","article_modified_time":"2025-03-26T22:20:43+00:00","og_image":[{"width":1000,"height":667,"url":"https:\/\/www.rambhamassages.com\/wp-content\/uploads\/2023\/08\/agencia-de-escorts-barcelona.jpg","type":"image\/jpeg"}],"twitter_card":"summary_large_image","twitter_misc":{"Dur\u00e9e de lecture estim\u00e9e":"6 minutes"},"schema":{"@context":"https:\/\/schema.org","@graph":[{"@type":"WebPage","@id":"https:\/\/www.rambhamassages.com\/fr\/casting\/","url":"https:\/\/www.rambhamassages.com\/fr\/casting\/","name":"Casting d'escorte. Rejoignez notre \u00e9quipe : Exclusivement \u00e0 Barcelone","isPartOf":{"@id":"https:\/\/www.rambhamassages.com\/fr\/#website"},"primaryImageOfPage":{"@id":"https:\/\/www.rambhamassages.com\/fr\/casting\/#primaryimage"},"image":{"@id":"https:\/\/www.rambhamassages.com\/fr\/casting\/#primaryimage"},"thumbnailUrl":"https:\/\/www.rambhamassages.com\/wp-content\/uploads\/2023\/08\/agencia-de-escorts-barcelona.jpg","datePublished":"2025-03-26T22:04:45+00:00","dateModified":"2025-03-26T22:20:43+00:00","description":"Nous recherchons des femmes \u00e9l\u00e9gantes et charismatiques pour rejoindre notre \u00e9quipe s\u00e9lectionn\u00e9e. Revenus \u00e9lev\u00e9s, discr\u00e9tion et client\u00e8le exclusive.","breadcrumb":{"@id":"https:\/\/www.rambhamassages.com\/fr\/casting\/#breadcrumb"},"inLanguage":"fr-FR","potentialAction":[{"@type":"ReadAction","target":["https:\/\/www.rambhamassages.com\/fr\/casting\/"]}]},{"@type":"ImageObject","inLanguage":"fr-FR","@id":"https:\/\/www.rambhamassages.com\/fr\/casting\/#primaryimage","url":"https:\/\/www.rambhamassages.com\/wp-content\/uploads\/2023\/08\/agencia-de-escorts-barcelona.jpg","contentUrl":"https:\/\/www.rambhamassages.com\/wp-content\/uploads\/2023\/08\/agencia-de-escorts-barcelona.jpg","width":1000,"height":667,"caption":"Escort casting"},{"@type":"BreadcrumbList","@id":"https:\/\/www.rambhamassages.com\/fr\/casting\/#breadcrumb","itemListElement":[{"@type":"ListItem","position":1,"name":"Inicio","item":"https:\/\/www.rambhamassages.com\/fr\/"},{"@type":"ListItem","position":2,"name":"Casting"}]},{"@type":"WebSite","@id":"https:\/\/www.rambhamassages.com\/fr\/#website","url":"https:\/\/www.rambhamassages.com\/fr\/","name":"Rambha Massages","description":"Escorts Barcelona","publisher":{"@id":"https:\/\/www.rambhamassages.com\/fr\/#organization"},"alternateName":"Rambha Massages","potentialAction":[{"@type":"SearchAction","target":{"@type":"EntryPoint","urlTemplate":"https:\/\/www.rambhamassages.com\/fr\/?s={search_term_string}"},"query-input":{"@type":"PropertyValueSpecification","valueRequired":true,"valueName":"search_term_string"}}],"inLanguage":"fr-FR"},{"@type":"Organization","@id":"https:\/\/www.rambhamassages.com\/fr\/#organization","name":"Rambha Massages","alternateName":"Rambha Massages","url":"https:\/\/www.rambhamassages.com\/fr\/","logo":{"@type":"ImageObject","inLanguage":"fr-FR","@id":"https:\/\/www.rambhamassages.com\/fr\/#\/schema\/logo\/image\/","url":"https:\/\/www.rambhamassages.com\/wp-content\/uploads\/2021\/05\/Logotipo-17.png","contentUrl":"https:\/\/www.rambhamassages.com\/wp-content\/uploads\/2021\/05\/Logotipo-17.png","width":600,"height":510,"caption":"Rambha Massages"},"image":{"@id":"https:\/\/www.rambhamassages.com\/fr\/#\/schema\/logo\/image\/"}}]}},"_links":{"self":[{"href":"https:\/\/www.rambhamassages.com\/fr\/wp-json\/wp\/v2\/pages\/62619","targetHints":{"allow":["GET"]}}],"collection":[{"href":"https:\/\/www.rambhamassages.com\/fr\/wp-json\/wp\/v2\/pages"}],"about":[{"href":"https:\/\/www.rambhamassages.com\/fr\/wp-json\/wp\/v2\/types\/page"}],"author":[{"embeddable":true,"href":"https:\/\/www.rambhamassages.com\/fr\/wp-json\/wp\/v2\/users\/3"}],"replies":[{"embeddable":true,"href":"https:\/\/www.rambhamassages.com\/fr\/wp-json\/wp\/v2\/comments?post=62619"}],"version-history":[{"count":0,"href":"https:\/\/www.rambhamassages.com\/fr\/wp-json\/wp\/v2\/pages\/62619\/revisions"}],"wp:featuredmedia":[{"embeddable":true,"href":"https:\/\/www.rambhamassages.com\/fr\/wp-json\/wp\/v2\/media\/52823"}],"wp:attachment":[{"href":"https:\/\/www.rambhamassages.com\/fr\/wp-json\/wp\/v2\/media?parent=62619"}],"curies":[{"name":"wp","href":"https:\/\/api.w.org\/{rel}","templated":true}]}}